{"id":1861,"date":"2025-11-21T08:31:36","date_gmt":"2025-11-21T08:31:36","guid":{"rendered":"https:\/\/nutriset.com\/politica-de-qualidade\/"},"modified":"2025-11-21T08:38:15","modified_gmt":"2025-11-21T08:38:15","slug":"politica-de-qualidade","status":"publish","type":"page","link":"https:\/\/nutriset.com\/pt-pt\/politica-de-qualidade\/","title":{"rendered":"Pol\u00edtica de qualidade <br><br>"},"content":{"rendered":"<p>[et_pb_section fb_built=&#8221;1&#8243; _builder_version=&#8221;4.21.0&#8243; _module_preset=&#8221;default&#8221; global_colors_info=&#8221;{}&#8221;][et_pb_row _builder_version=&#8221;4.21.0&#8243; _module_preset=&#8221;default&#8221; custom_margin=&#8221;||80px||false|false&#8221; global_colors_info=&#8221;{}&#8221;][et_pb_column type=&#8221;4_4&#8243; _builder_version=&#8221;4.21.0&#8243; _module_preset=&#8221;default&#8221; global_colors_info=&#8221;{}&#8221;][et_pb_text _builder_version=&#8221;4.27.4&#8243; _module_preset=&#8221;default&#8221; text_font=&#8221;Golos||||||||&#8221; header_font=&#8221;Golos|700|||||||&#8221; header_4_font=&#8221;|700|||||||&#8221; hover_enabled=&#8221;0&#8243; global_colors_info=&#8221;{}&#8221; sticky_enabled=&#8221;0&#8243;]<\/p>\n<h1>Pol\u00edtica de qualidade <\/p>\n<\/h1>\n<p>&nbsp;<\/p>\n<p>Na NUTRISET, dedicamo-nos a fornecer solu\u00e7\u00f5es de assentos de alta qualidade para ve\u00edculos profissionais (agr\u00edcolas, de constru\u00e7\u00e3o, empilhadeiras, barcos, caminh\u00f5es, \u00f4nibus e trens). Trabalhamos com a GRAMMER, l\u00edder global em inova\u00e7\u00e3o e tecnologia de assentos, para garantir aos nossos clientes produtos dur\u00e1veis, confort\u00e1veis \u200b\u200be ergon\u00f4micos que oferecem uma experi\u00eancia segura e confort\u00e1vel em qualquer ambiente de trabalho.<br \/>A gest\u00e3o da NUTRISET est\u00e1 comprometida em liderar e manter um Sistema de Gest\u00e3o da Qualidade baseado na norma ISO 9001:2015, com foco em: <\/p>\n<ul>\n<li>Garantir a satisfa\u00e7\u00e3o do cliente, atendendo aos requisitos acordados e superando suas expectativas.<\/li>\n<li>Garantir a conformidade com a legisla\u00e7\u00e3o vigente aplic\u00e1vel \u00e0 qualidade, bem como com outros requisitos aos quais a organiza\u00e7\u00e3o esteja sujeita.<\/li>\n<li>Fornecer uma estrutura para estabelecer e revisar objetivos de qualidade.<\/li>\n<li>Promover a melhoria cont\u00ednua do sistema de gest\u00e3o para aumentar o desempenho geral.<\/li>\n<li>Identificar e analisar o contexto da organiza\u00e7\u00e3o e as necessidades das partes interessadas.<\/li>\n<li>Garantir que os processos e servi\u00e7os atendam aos requisitos estabelecidos e sejam eficientes.<\/li>\n<li>Promover a forma\u00e7\u00e3o, a compet\u00eancia e a participa\u00e7\u00e3o dos funcion\u00e1rios como eixo fundamental da qualidade.<\/li>\n<li>Estabelecer objetivos claros e mensur\u00e1veis \u200b\u200bpara garantir a efic\u00e1cia do sistema de gest\u00e3o.<\/li>\n<li>Qualidade, controle do impacto ambiental, minimiza\u00e7\u00e3o de res\u00edduos, redu\u00e7\u00e3o do impacto das mudan\u00e7as clim\u00e1ticas e conformidade com a legisla\u00e7\u00e3o vigente.<\/li>\n<\/ul>\n<p>Esta pol\u00edtica \u00e9 revista periodicamente durante a An\u00e1lise de Gest\u00e3o para garantir sua validade, adequa\u00e7\u00e3o e alinhamento com a estrat\u00e9gia da organiza\u00e7\u00e3o.<\/p>\n<p>&nbsp;<\/p>\n<p>[\/et_pb_text][\/et_pb_column][\/et_pb_row][\/et_pb_section]<\/p>\n","protected":false},"excerpt":{"rendered":"<p>Pol\u00edtica de qualidade &nbsp; Na NUTRISET, dedicamo-nos a fornecer solu\u00e7\u00f5es de assentos de alta qualidade para ve\u00edculos profissionais (agr\u00edcolas, de constru\u00e7\u00e3o, empilhadeiras, barcos, caminh\u00f5es, \u00f4nibus e trens). Trabalhamos com a GRAMMER, l\u00edder global em inova\u00e7\u00e3o e tecnologia de assentos, para garantir aos nossos clientes produtos dur\u00e1veis, confort\u00e1veis \u200b\u200be ergon\u00f4micos que oferecem uma experi\u00eancia segura e [&hellip;]<\/p>\n","protected":false},"author":1,"featured_media":0,"parent":0,"menu_order":0,"comment_status":"closed","ping_status":"closed","template":"","meta":{"_et_pb_use_builder":"on","_et_pb_old_content":"","_et_gb_content_width":"","footnotes":""},"class_list":["post-1861","page","type-page","status-publish","hentry"],"_links":{"self":[{"href":"https:\/\/nutriset.com\/pt-pt\/wp-json\/wp\/v2\/pages\/1861","targetHints":{"allow":["GET"]}}],"collection":[{"href":"https:\/\/nutriset.com\/pt-pt\/wp-json\/wp\/v2\/pages"}],"about":[{"href":"https:\/\/nutriset.com\/pt-pt\/wp-json\/wp\/v2\/types\/page"}],"author":[{"embeddable":true,"href":"https:\/\/nutriset.com\/pt-pt\/wp-json\/wp\/v2\/users\/1"}],"replies":[{"embeddable":true,"href":"https:\/\/nutriset.com\/pt-pt\/wp-json\/wp\/v2\/comments?post=1861"}],"version-history":[{"count":2,"href":"https:\/\/nutriset.com\/pt-pt\/wp-json\/wp\/v2\/pages\/1861\/revisions"}],"predecessor-version":[{"id":1863,"href":"https:\/\/nutriset.com\/pt-pt\/wp-json\/wp\/v2\/pages\/1861\/revisions\/1863"}],"wp:attachment":[{"href":"https:\/\/nutriset.com\/pt-pt\/wp-json\/wp\/v2\/media?parent=1861"}],"curies":[{"name":"wp","href":"https:\/\/api.w.org\/{rel}","templated":true}]}}