{"id":641,"date":"2023-06-20T07:14:16","date_gmt":"2023-06-20T07:14:16","guid":{"rendered":"https:\/\/nutriset.com\/servicos\/"},"modified":"2024-02-23T12:28:15","modified_gmt":"2024-02-23T12:28:15","slug":"servicos","status":"publish","type":"page","link":"https:\/\/nutriset.com\/pt-pt\/servicos\/","title":{"rendered":"Servi\u00e7os"},"content":{"rendered":"<p>[et_pb_section fb_built=&#8221;1&#8243; _builder_version=&#8221;4.21.0&#8243; _module_preset=&#8221;default&#8221; background_image=&#8221;https:\/\/nutriset.com\/wp-content\/uploads\/2023\/06\/grammer-asientos-ergonomicos-de-calidad-nutriset-agricolas.jpg&#8221; height=&#8221;750px&#8221; custom_margin=&#8221;-40px||||false|false&#8221; custom_css_main_element=&#8221;  display: flex;||  justify-content: center;||  align-items: center;&#8221; global_colors_info=&#8221;{}&#8221;][et_pb_row _builder_version=&#8221;4.21.0&#8243; _module_preset=&#8221;default&#8221; global_colors_info=&#8221;{}&#8221;][et_pb_column type=&#8221;4_4&#8243; _builder_version=&#8221;4.21.0&#8243; _module_preset=&#8221;default&#8221; global_colors_info=&#8221;{}&#8221;][et_pb_text module_class=&#8221;frasehome&#8221; _builder_version=&#8221;4.21.0&#8243; _module_preset=&#8221;default&#8221; text_font=&#8221;Golos|900|||||||&#8221; text_text_color=&#8221;#FFFFFF&#8221; text_orientation=&#8221;center&#8221; custom_margin=&#8221;||22px||false|false&#8221; global_colors_info=&#8221;{}&#8221;]<\/p>\n<p>Estamos comprometidos com<br \/>estamos comprometidos com<\/p>\n<p>[\/et_pb_text][et_pb_text _builder_version=&#8221;4.21.0&#8243; _module_preset=&#8221;default&#8221; text_text_color=&#8221;#FFFFFF&#8221; text_orientation=&#8221;center&#8221; width=&#8221;70%&#8221; width_tablet=&#8221;100%&#8221; width_phone=&#8221;100%&#8221; width_last_edited=&#8221;on|tablet&#8221; module_alignment=&#8221;center&#8221; global_colors_info=&#8221;{}&#8221;]<\/p>\n<p>Nossa equipe de profissionais altamente capacitados est\u00e1 pronta para fornecer consultoria especializada e solu\u00e7\u00f5es personalizadas para garantir que nossos servi\u00e7os atendam aos mais altos padr\u00f5es de qualidade e desempenho. E<span style=\"font-weight: 400\">ntre em contato conosco para obter mais informa\u00e7\u00f5es sobre como nossos servi\u00e7os podem beneficiar o seu neg\u00f3cio.<\/span><\/p>\n<p>[\/et_pb_text][\/et_pb_column][\/et_pb_row][\/et_pb_section][et_pb_section fb_built=&#8221;1&#8243; custom_padding_last_edited=&#8221;on|tablet&#8221; _builder_version=&#8221;4.21.0&#8243; _module_preset=&#8221;default&#8221; background_enable_color=&#8221;off&#8221; background_enable_image=&#8221;off&#8221; custom_margin=&#8221;||50px||false|false&#8221; custom_margin_tablet=&#8221;||50px||false|false&#8221; custom_margin_phone=&#8221;||50px||false|false&#8221; custom_margin_last_edited=&#8221;on|phone&#8221; custom_padding=&#8221;120px||120px||true|false&#8221; custom_padding_tablet=&#8221;80px||80px||true|false&#8221; custom_padding_phone=&#8221;50px||60px||false|false&#8221; global_colors_info=&#8221;{}&#8221;][et_pb_row column_structure=&#8221;1_2,1_2&#8243; use_custom_gutter=&#8221;on&#8221; gutter_width=&#8221;2&#8243; _builder_version=&#8221;4.21.0&#8243; _module_preset=&#8221;default&#8221; custom_css_main_element=&#8221;  display: flex;||  justify-content: center;||  align-items: center;&#8221; global_colors_info=&#8221;{}&#8221; custom_css_main_element_last_edited=&#8221;on|phone&#8221; custom_css_main_element_tablet=&#8221;display: block;&#8221; custom_css_main_element_phone=&#8221;display: block;&#8221;][et_pb_column type=&#8221;1_2&#8243; _builder_version=&#8221;4.21.0&#8243; _module_preset=&#8221;default&#8221; custom_padding=&#8221;|60px|||false|false&#8221; custom_padding_tablet=&#8221;|60px|||false|false&#8221; custom_padding_phone=&#8221;|60px|||false|false&#8221; custom_padding_last_edited=&#8221;on|phone&#8221; global_colors_info=&#8221;{}&#8221;][et_pb_text _builder_version=&#8221;4.21.0&#8243; _module_preset=&#8221;default&#8221; header_font=&#8221;|700|||||||&#8221; custom_margin=&#8221;||0px||false|false&#8221; global_colors_info=&#8221;{}&#8221;]<\/p>\n<h1>NUTRISET ao seu servi\u00e7o<\/h1>\n<p>[\/et_pb_text][et_pb_text _builder_version=&#8221;4.21.0&#8243; _module_preset=&#8221;default&#8221; custom_margin_tablet=&#8221;||20px||false|false&#8221; custom_margin_phone=&#8221;||20px||false|false&#8221; custom_margin_last_edited=&#8221;on|phone&#8221; global_colors_info=&#8221;{}&#8221;]<\/p>\n<h4>Ajudamos voc\u00ea a crescer com os melhores produtos<\/h4>\n<p>[\/et_pb_text][\/et_pb_column][et_pb_column type=&#8221;1_2&#8243; _builder_version=&#8221;4.21.0&#8243; _module_preset=&#8221;default&#8221; custom_padding=&#8221;|60px|||false|false&#8221; global_colors_info=&#8221;{}&#8221;][et_pb_text _builder_version=&#8221;4.21.0&#8243; _module_preset=&#8221;default&#8221; global_colors_info=&#8221;{}&#8221;]<\/p>\n<p>Na Nutriset, orgulhamo-nos de oferecer uma ampla gama de servi\u00e7os de alta qualidade para satisfazer as necessidades dos nossos clientes. Nosso compromisso com a excel\u00eancia e a satisfa\u00e7\u00e3o do cliente nos impulsiona a fornecer solu\u00e7\u00f5es inovadoras e confi\u00e1veis nos seguintes aspectos:<\/p>\n<p>[\/et_pb_text][\/et_pb_column][\/et_pb_row][et_pb_row column_structure=&#8221;1_3,1_3,1_3&#8243; _builder_version=&#8221;4.21.0&#8243; _module_preset=&#8221;default&#8221; global_colors_info=&#8221;{}&#8221;][et_pb_column type=&#8221;1_3&#8243; _builder_version=&#8221;4.21.0&#8243; _module_preset=&#8221;default&#8221; global_colors_info=&#8221;{}&#8221;][et_pb_image src=&#8221;https:\/\/nutriset.com\/wp-content\/uploads\/2023\/06\/nutriset-servicios.png&#8221; title_text=&#8221;nutriset-servicios&#8221; _builder_version=&#8221;4.21.0&#8243; _module_preset=&#8221;default&#8221; global_colors_info=&#8221;{}&#8221;][\/et_pb_image][et_pb_text module_class=&#8221;h4servicios&#8221; _builder_version=&#8221;4.21.0&#8243; _module_preset=&#8221;default&#8221; custom_margin=&#8221;||20px||false|false&#8221; global_colors_info=&#8221;{}&#8221;]<\/p>\n<h4>Labaronne<br \/>Dep\u00f3sitos e cisternas flex\u00edveis.<\/h4>\n<p>[\/et_pb_text][et_pb_text _builder_version=&#8221;4.21.0&#8243; _module_preset=&#8221;default&#8221; global_colors_info=&#8221;{}&#8221;]<\/p>\n<p>A marca l\u00edder na fabrica\u00e7\u00e3o e fornecimento de cisternas flex\u00edveis de alta resist\u00eancia. Nossas solu\u00e7\u00f5es de armazenamento l\u00edquido s\u00e3o ideais para uma variedade de aplica\u00e7\u00f5es, desde o armazenamento de \u00e1gua pot\u00e1vel at\u00e9 o manuseio de produtos qu\u00edmicos. Contamos com uma ampla gama de capacidades e designs personalizados para nos adaptarmos \u00e0s necessidades espec\u00edficas de cada cliente.<\/p>\n<p>[\/et_pb_text][\/et_pb_column][et_pb_column type=&#8221;1_3&#8243; _builder_version=&#8221;4.21.0&#8243; _module_preset=&#8221;default&#8221; global_colors_info=&#8221;{}&#8221;][et_pb_image src=&#8221;https:\/\/nutriset.com\/wp-content\/uploads\/2023\/06\/nutriset-servicios-grammer.png&#8221; title_text=&#8221;nutriset-servicios-grammer&#8221; _builder_version=&#8221;4.21.0&#8243; _module_preset=&#8221;default&#8221; global_colors_info=&#8221;{}&#8221;][\/et_pb_image][et_pb_text module_class=&#8221;h4servicios&#8221; _builder_version=&#8221;4.21.0&#8243; _module_preset=&#8221;default&#8221; custom_margin=&#8221;||20px||false|false&#8221; global_colors_info=&#8221;{}&#8221;]<\/p>\n<h4>Grammer<br \/>Assentos de qualidade.<\/h4>\n<p>[\/et_pb_text][et_pb_text _builder_version=&#8221;4.21.0&#8243; _module_preset=&#8221;default&#8221; global_colors_info=&#8221;{}&#8221;]<\/p>\n<p>Especializamo-nos na distribui\u00e7\u00e3o de assentos de alta qualidade para uma ampla gama de ind\u00fastrias, incluindo ve\u00edculos industriais, maquinaria agr\u00edcola e equipamentos de constru\u00e7\u00e3o. Nossos assentos ergon\u00f4micos e dur\u00e1veis s\u00e3o projetados para proporcionar conforto e seguran\u00e7a, melhorando a produtividade e a experi\u00eancia do operador.<\/p>\n<p>[\/et_pb_text][\/et_pb_column][et_pb_column type=&#8221;1_3&#8243; _builder_version=&#8221;4.21.0&#8243; _module_preset=&#8221;default&#8221; global_colors_info=&#8221;{}&#8221;][et_pb_image src=&#8221;https:\/\/nutriset.com\/wp-content\/uploads\/2023\/06\/nutriset-servicios-chap.png&#8221; title_text=&#8221;nutriset-servicios-chap&#8221; _builder_version=&#8221;4.21.0&#8243; _module_preset=&#8221;default&#8221; global_colors_info=&#8221;{}&#8221;][\/et_pb_image][et_pb_text module_class=&#8221;h4servicios&#8221; _builder_version=&#8221;4.21.0&#8243; _module_preset=&#8221;default&#8221; custom_margin=&#8221;||20px||false|false&#8221; global_colors_info=&#8221;{}&#8221;]<\/p>\n<h4>Chapron<br \/>Cercas el\u00e9tricas.<\/h4>\n<p>[\/et_pb_text][et_pb_text _builder_version=&#8221;4.21.0&#8243; _module_preset=&#8221;default&#8221; global_colors_info=&#8221;{}&#8221;]<\/p>\n<p>Chapron, a marca de refer\u00eancia em solu\u00e7\u00f5es para cercas el\u00e9tricas. Oferecemos uma ampla gama de produtos de qualidade, incluindo energizadores, fios condutores e acess\u00f3rios, projetados para garantir a seguran\u00e7a e efici\u00eancia das cercas el\u00e9tricas em aplica\u00e7\u00f5es agr\u00edcolas, pecu\u00e1rias e de prote\u00e7\u00e3o do per\u00edmetro.<\/p>\n<p>[\/et_pb_text][\/et_pb_column][\/et_pb_row][et_pb_row column_structure=&#8221;1_2,1_2&#8243; use_custom_gutter=&#8221;on&#8221; gutter_width=&#8221;2&#8243; disabled_on=&#8221;on|on|on&#8221; _builder_version=&#8221;4.21.0&#8243; _module_preset=&#8221;default&#8221; custom_css_main_element=&#8221;  display: flex;||  justify-content: center;||  align-items: center;&#8221; disabled=&#8221;on&#8221; global_colors_info=&#8221;{}&#8221; custom_css_main_element_last_edited=&#8221;on|phone&#8221; custom_css_main_element_tablet=&#8221;display: block;&#8221; custom_css_main_element_phone=&#8221;display: block;&#8221;][et_pb_column type=&#8221;1_2&#8243; _builder_version=&#8221;4.21.0&#8243; _module_preset=&#8221;default&#8221; custom_padding=&#8221;|60px|||false|false&#8221; global_colors_info=&#8221;{}&#8221;][et_pb_text _builder_version=&#8221;4.21.0&#8243; _module_preset=&#8221;default&#8221; global_colors_info=&#8221;{}&#8221;]<\/p>\n<p><span style=\"font-weight: 400\">En Nutriset, estamos comprometidos com a satisfa\u00e7\u00e3o total do cliente. Nossa equipe de profissionais altamente capacitados est\u00e1 pronta para fornecer consultoria especializada e solu\u00e7\u00f5es personalizadas para garantir que nossos servi\u00e7os atendam aos mais altos padr\u00f5es de qualidade e desempenho.<\/span><\/p>\n<p><span style=\"font-weight: 400\">Contacte-nos ainda hoje para obter mais informa\u00e7\u00f5es sobre como os nossos servi\u00e7os podem beneficiar o seu neg\u00f3cio.<\/span><\/p>\n<p>[\/et_pb_text][\/et_pb_column][et_pb_column type=&#8221;1_2&#8243; _builder_version=&#8221;4.21.0&#8243; _module_preset=&#8221;default&#8221; custom_padding=&#8221;|60px|||false|false&#8221; global_colors_info=&#8221;{}&#8221;][\/et_pb_column][\/et_pb_row][\/et_pb_section]<\/p>\n","protected":false},"excerpt":{"rendered":"<p>Estamos comprometidos comestamos comprometidos comNossa equipe de profissionais altamente capacitados est\u00e1 pronta para fornecer consultoria especializada e solu\u00e7\u00f5es personalizadas para garantir que nossos servi\u00e7os atendam aos mais altos padr\u00f5es de qualidade e desempenho. Entre em contato conosco para obter mais informa\u00e7\u00f5es sobre como nossos servi\u00e7os podem beneficiar o seu neg\u00f3cio.NUTRISET ao seu servi\u00e7oAjudamos voc\u00ea a [&hellip;]<\/p>\n","protected":false},"author":1,"featured_media":0,"parent":0,"menu_order":0,"comment_status":"closed","ping_status":"closed","template":"","meta":{"_et_pb_use_builder":"on","_et_pb_old_content":"","_et_gb_content_width":"","footnotes":""},"class_list":["post-641","page","type-page","status-publish","hentry"],"_links":{"self":[{"href":"https:\/\/nutriset.com\/pt-pt\/wp-json\/wp\/v2\/pages\/641","targetHints":{"allow":["GET"]}}],"collection":[{"href":"https:\/\/nutriset.com\/pt-pt\/wp-json\/wp\/v2\/pages"}],"about":[{"href":"https:\/\/nutriset.com\/pt-pt\/wp-json\/wp\/v2\/types\/page"}],"author":[{"embeddable":true,"href":"https:\/\/nutriset.com\/pt-pt\/wp-json\/wp\/v2\/users\/1"}],"replies":[{"embeddable":true,"href":"https:\/\/nutriset.com\/pt-pt\/wp-json\/wp\/v2\/comments?post=641"}],"version-history":[{"count":4,"href":"https:\/\/nutriset.com\/pt-pt\/wp-json\/wp\/v2\/pages\/641\/revisions"}],"predecessor-version":[{"id":645,"href":"https:\/\/nutriset.com\/pt-pt\/wp-json\/wp\/v2\/pages\/641\/revisions\/645"}],"wp:attachment":[{"href":"https:\/\/nutriset.com\/pt-pt\/wp-json\/wp\/v2\/media?parent=641"}],"curies":[{"name":"wp","href":"https:\/\/api.w.org\/{rel}","templated":true}]}}