{"id":656,"date":"2024-01-30T16:51:01","date_gmt":"2024-01-30T16:51:01","guid":{"rendered":"https:\/\/nutriset.com\/noticias\/"},"modified":"2024-02-23T12:34:01","modified_gmt":"2024-02-23T12:34:01","slug":"noticias","status":"publish","type":"page","link":"https:\/\/nutriset.com\/pt-pt\/noticias\/","title":{"rendered":"Not\u00edcias"},"content":{"rendered":"<p>[et_pb_section fb_built=&#8221;1&#8243; _builder_version=&#8221;4.24.0&#8243; _module_preset=&#8221;default&#8221; background_image=&#8221;https:\/\/nutriset.com\/wp-content\/uploads\/2024\/01\/nutriset-noticias.jpg&#8221; height=&#8221;750px&#8221; custom_margin=&#8221;-40px||||false|false&#8221; custom_css_main_element=&#8221;  display: flex;||  justify-content: center;||  align-items: center;&#8221; global_colors_info=&#8221;{}&#8221;][et_pb_row _builder_version=&#8221;4.21.0&#8243; _module_preset=&#8221;default&#8221; global_colors_info=&#8221;{}&#8221;][et_pb_column type=&#8221;4_4&#8243; _builder_version=&#8221;4.21.0&#8243; _module_preset=&#8221;default&#8221; global_colors_info=&#8221;{}&#8221;][et_pb_text module_class=&#8221;frasehome&#8221; _builder_version=&#8221;4.21.0&#8243; _module_preset=&#8221;default&#8221; text_font=&#8221;Golos|900|||||||&#8221; text_text_color=&#8221;#FFFFFF&#8221; text_orientation=&#8221;center&#8221; custom_margin=&#8221;||22px||false|false&#8221; global_colors_info=&#8221;{}&#8221;]<\/p>\n<p>Com Nutriset <br \/>sempre estar\u00e1s informado<\/p>\n<p>[\/et_pb_text][et_pb_text _builder_version=&#8221;4.24.0&#8243; _module_preset=&#8221;default&#8221; text_text_color=&#8221;#FFFFFF&#8221; text_orientation=&#8221;center&#8221; width=&#8221;70%&#8221; width_tablet=&#8221;100%&#8221; width_phone=&#8221;100%&#8221; width_last_edited=&#8221;on|tablet&#8221; module_alignment=&#8221;center&#8221; global_colors_info=&#8221;{}&#8221;]<\/p>\n<p>Fique por dentro de todas as novidades do setor de assentos ergon\u00f4micos e de alta qualidade da Grammer, dos dep\u00f3sitos e cisternas flex\u00edveis da Labaronne e das cercas el\u00e9tricas para gado e predadores da Chapron. <\/p>\n<p>[\/et_pb_text][\/et_pb_column][\/et_pb_row][\/et_pb_section][et_pb_section fb_built=&#8221;1&#8243; custom_padding_last_edited=&#8221;on|phone&#8221; _builder_version=&#8221;4.24.0&#8243; _module_preset=&#8221;default&#8221; background_enable_color=&#8221;off&#8221; background_enable_image=&#8221;off&#8221; custom_margin=&#8221;||50px||false|false&#8221; custom_padding=&#8221;120px||120px||true|false&#8221; custom_padding_tablet=&#8221;80px||80px||true|false&#8221; custom_padding_phone=&#8221;70px||60px||false|false&#8221; global_colors_info=&#8221;{}&#8221;][et_pb_row _builder_version=&#8221;4.24.0&#8243; _module_preset=&#8221;default&#8221; custom_margin=&#8221;0px||||false|false&#8221; custom_padding=&#8221;0px||||false|false&#8221; global_colors_info=&#8221;{}&#8221;][et_pb_column type=&#8221;4_4&#8243; _builder_version=&#8221;4.21.0&#8243; _module_preset=&#8221;default&#8221; global_colors_info=&#8221;{}&#8221;][et_pb_blog_extras use_category_filterable_blog=&#8221;on&#8221; use_hamburger_category_filter=&#8221;off&#8221; posts_number=&#8221;6&#8243; post_order=&#8221;ASC&#8221; post_order_by=&#8221;none&#8221; filterable_category_background_color=&#8221;gcid-bd8f940b-4d5f-4be6-be95-7b32d1a4cc14&#8243; filterable_active_category_background_color=&#8221;gcid-c752ee0e-bb88-478f-9051-336ffc9dcf1a&#8221; blog_layout=&#8221;masonry&#8221; column_spacing=&#8221;40px&#8221; meta_date=&#8221;j M Y&#8221; use_read_more_button=&#8221;on&#8221; read_more_text=&#8221;Leer m\u00e1s&#8221; show_author=&#8221;off&#8221; show_date=&#8221;off&#8221; category_color=&#8221;gcid-c752ee0e-bb88-478f-9051-336ffc9dcf1a&#8221; show_comments=&#8221;off&#8221; show_load_more=&#8221;on&#8221; load_more_text=&#8221;M\u00e1s not\u00edcias&#8221; show_less_text=&#8221;Menos not\u00edcas&#8221; loader_color=&#8221;gcid-c752ee0e-bb88-478f-9051-336ffc9dcf1a&#8221; module_class=&#8221;filter_blog&#8221; masonry_columns_tablet=&#8221;2&#8243; masonry_columns_phone=&#8221;1&#8243; masonry_columns_last_edited=&#8221;on|desktop&#8221; _builder_version=&#8221;4.24.0&#8243; _module_preset=&#8221;default&#8221; filterable_category_text_color=&#8221;#000000&#8243; active_filterable_category_text_color=&#8221;#FFFFFF&#8221; meta_text_color=&#8221;gcid-c752ee0e-bb88-478f-9051-336ffc9dcf1a&#8221; read_more_alignment=&#8221;center&#8221; hover_enabled=&#8221;0&#8243; global_colors_info=&#8221;{%22gcid-c752ee0e-bb88-478f-9051-336ffc9dcf1a%22:%91%22meta_text_color%22,%22category_color%22,%22filterable_active_category_background_color%22,%22loader_color%22%93,%22gcid-bd8f940b-4d5f-4be6-be95-7b32d1a4cc14%22:%91%22filterable_category_background_color%22%93}&#8221; sticky_enabled=&#8221;0&#8243; excerpt_length=&#8221;200&#8243;][\/et_pb_blog_extras][\/et_pb_column][\/et_pb_row][\/et_pb_section]<\/p>\n","protected":false},"excerpt":{"rendered":"<p>Com Nutriset sempre estar\u00e1s informadoFique por dentro de todas as novidades do setor de assentos ergon\u00f4micos e de alta qualidade da Grammer, dos dep\u00f3sitos e cisternas flex\u00edveis da Labaronne e das cercas el\u00e9tricas para gado e predadores da Chapron.<\/p>\n","protected":false},"author":1,"featured_media":0,"parent":0,"menu_order":0,"comment_status":"closed","ping_status":"closed","template":"","meta":{"_et_pb_use_builder":"on","_et_pb_old_content":"","_et_gb_content_width":"","footnotes":""},"class_list":["post-656","page","type-page","status-publish","hentry"],"_links":{"self":[{"href":"https:\/\/nutriset.com\/pt-pt\/wp-json\/wp\/v2\/pages\/656","targetHints":{"allow":["GET"]}}],"collection":[{"href":"https:\/\/nutriset.com\/pt-pt\/wp-json\/wp\/v2\/pages"}],"about":[{"href":"https:\/\/nutriset.com\/pt-pt\/wp-json\/wp\/v2\/types\/page"}],"author":[{"embeddable":true,"href":"https:\/\/nutriset.com\/pt-pt\/wp-json\/wp\/v2\/users\/1"}],"replies":[{"embeddable":true,"href":"https:\/\/nutriset.com\/pt-pt\/wp-json\/wp\/v2\/comments?post=656"}],"version-history":[{"count":5,"href":"https:\/\/nutriset.com\/pt-pt\/wp-json\/wp\/v2\/pages\/656\/revisions"}],"predecessor-version":[{"id":661,"href":"https:\/\/nutriset.com\/pt-pt\/wp-json\/wp\/v2\/pages\/656\/revisions\/661"}],"wp:attachment":[{"href":"https:\/\/nutriset.com\/pt-pt\/wp-json\/wp\/v2\/media?parent=656"}],"curies":[{"name":"wp","href":"https:\/\/api.w.org\/{rel}","templated":true}]}}