{"id":662,"date":"2023-07-17T15:59:20","date_gmt":"2023-07-17T15:59:20","guid":{"rendered":"https:\/\/nutriset.com\/aviso-legal\/"},"modified":"2024-02-23T12:38:23","modified_gmt":"2024-02-23T12:38:23","slug":"aviso-legal","status":"publish","type":"page","link":"https:\/\/nutriset.com\/pt-pt\/aviso-legal\/","title":{"rendered":"Aviso Legal"},"content":{"rendered":"<p>[et_pb_section fb_built=&#8221;1&#8243; _builder_version=&#8221;4.21.0&#8243; _module_preset=&#8221;default&#8221; global_colors_info=&#8221;{}&#8221;][et_pb_row _builder_version=&#8221;4.21.0&#8243; _module_preset=&#8221;default&#8221; custom_margin=&#8221;||80px||false|false&#8221; global_colors_info=&#8221;{}&#8221;][et_pb_column type=&#8221;4_4&#8243; _builder_version=&#8221;4.21.0&#8243; _module_preset=&#8221;default&#8221; global_colors_info=&#8221;{}&#8221;][et_pb_text _builder_version=&#8221;4.21.0&#8243; _module_preset=&#8221;default&#8221; text_font=&#8221;Golos||||||||&#8221; header_font=&#8221;Golos|700|||||||&#8221; header_4_font=&#8221;|700|||||||&#8221; global_colors_info=&#8221;{}&#8221;]<\/p>\n<h1>Aviso Legal<\/h1>\n<p>&nbsp;<\/p>\n<p>https:\/\/www.grammer-nutriset.com es um dom\u00ednio da NUTRISET. No puede ser utilizado, salvo autorizaci\u00f3n expresa previa, en conexi\u00f3n con otros productos o servicios que no sean de ninguna manera que pueda causar confusi\u00f3n entre nuestros clientes o descr\u00e9dito de NUTRISET<\/p>\n<p>Se qualquer usu\u00e1rio, entidade ou p\u00e1gina da web desejar estabelecer algum tipo de link com destino a este site, dever\u00e1 solicitar autoriza\u00e7\u00e3o pr\u00e9via por escrito antes de fazer o link.<\/p>\n<p>Al\u00e9m disso, apenas \u00e9 permitido vincular \u00e0 p\u00e1gina inicial do site. O link deve ser absoluto e completo, ou seja, deve levar o usu\u00e1rio para o endere\u00e7o pr\u00f3prio abrangendo completamente a extens\u00e3o da tela da p\u00e1gina que cont\u00e9m o link. Em nenhum caso, exceto com autoriza\u00e7\u00e3o expressa e por escrito da NURTISET, a p\u00e1gina que faz o link poder\u00e1 reproduzir de qualquer forma o site, inclu\u00ed-lo como parte do seu site ou dentro de um de seus frames em qualquer uma das p\u00e1ginas ou conte\u00fados do presente site.  <\/p>\n<p>No se incluir\u00e1 ninguna manifestaci\u00f3n falsa, inexacta o incorrecta sobre las p\u00e1ginas de esta web o los servicios que en ella se ofrecen.<\/p>\n<p>O link n\u00e3o conter\u00e1 nenhuma marca, nome comercial, r\u00f3tulo de estabelecimento, denomina\u00e7\u00e3o, logotipo, slogan ou outros sinais distintivos pertencentes a.<\/p>\n<p>Bajo ninguna circunstancia, ser\u00e1 responsable de los contenidos o servicios puestos a disposici\u00f3n del p\u00fablico en la p\u00e1gina web desde la que se realice el hiperenlace ni de las informaciones o manifestaciones incluidas en las mismas.<\/p>\n<p>&nbsp;<\/p>\n<h4>Prote\u00e7\u00e3o de dados pessoais<\/h4>\n<p>&nbsp;<\/p>\n<p>O uso deste site e de seus formul\u00e1rios requer a aceita\u00e7\u00e3o do tratamento dos dados do usu\u00e1rio sob responsabilidade da NUTRISET, S.L., para fins que incluem o fornecimento do site, a coleta de dados de acesso e o envio de informa\u00e7\u00f5es comerciais por via eletr\u00f4nica, em determinados casos.<\/p>\n<p>Leia atentamente a pol\u00edtica de privacidade para informa\u00e7\u00f5es adicionais e detalhadas, incluindo como usamos os dados dos usu\u00e1rios e como exercer os direitos de acesso, retifica\u00e7\u00e3o, exclus\u00e3o, oposi\u00e7\u00e3o e outros direitos de prote\u00e7\u00e3o de dados.<\/p>\n<p>&nbsp;<\/p>\n<h4>Cookies<\/h4>\n<p>&nbsp;<\/p>\n<p>Este site utiliza cookies pr\u00f3prias e de terceiros para diversas finalidades, incluindo an\u00e1lises e publicidade adaptada aos interesses do usu\u00e1rio. O simples uso deste site com os cookies ativados no navegador implica a aceita\u00e7\u00e3o do seu tratamento de acordo com a nossa pol\u00edtica de cookies.<\/p>\n<p>Leia atentamente nossa pol\u00edtica de cookies para conhecer os tipos de cookies utilizados e como bloque\u00e1-los e exclu\u00ed-los em seu navegador.<\/p>\n<p>&nbsp;<\/p>\n<h4>Preval\u00eancia da vers\u00e3o espanhola<\/h4>\n<p>&nbsp;<\/p>\n<p>No caso de tradu\u00e7\u00e3o deste aviso legal para outros idiomas, em caso de discrep\u00e2ncia, prevalecer\u00e1 a vers\u00e3o em espanhol.<\/p>\n<p>&nbsp;<\/p>\n<h4>Legisla\u00e7\u00e3o e jurisdi\u00e7\u00e3o aplic\u00e1vel<\/h4>\n<p>&nbsp;<\/p>\n<p>O presente Aviso Legal, assim como as rela\u00e7\u00f5es entre [nombre de la empresa] e os usu\u00e1rios, ser\u00e3o regidos pela legisla\u00e7\u00e3o espanhola vigente e qualquer controv\u00e9rsia ser\u00e1 submetida aos Tribunais de BARCELONA, exceto no caso de consumidores e usu\u00e1rios, em que se aplicar\u00e1 a jurisdi\u00e7\u00e3o imperativa dos tribunais correspondentes \u00e0 sua resid\u00eancia.<\/p>\n<p>[\/et_pb_text][\/et_pb_column][\/et_pb_row][\/et_pb_section]<\/p>\n","protected":false},"excerpt":{"rendered":"<p>Aviso Legal &nbsp; https:\/\/www.grammer-nutriset.com es um dom\u00ednio da NUTRISET. No puede ser utilizado, salvo autorizaci\u00f3n expresa previa, en conexi\u00f3n con otros productos o servicios que no sean de ninguna manera que pueda causar confusi\u00f3n entre nuestros clientes o descr\u00e9dito de NUTRISET Se qualquer usu\u00e1rio, entidade ou p\u00e1gina da web desejar estabelecer algum tipo de link [&hellip;]<\/p>\n","protected":false},"author":1,"featured_media":0,"parent":0,"menu_order":0,"comment_status":"closed","ping_status":"closed","template":"","meta":{"_et_pb_use_builder":"on","_et_pb_old_content":"","_et_gb_content_width":"","footnotes":""},"class_list":["post-662","page","type-page","status-publish","hentry"],"_links":{"self":[{"href":"https:\/\/nutriset.com\/pt-pt\/wp-json\/wp\/v2\/pages\/662","targetHints":{"allow":["GET"]}}],"collection":[{"href":"https:\/\/nutriset.com\/pt-pt\/wp-json\/wp\/v2\/pages"}],"about":[{"href":"https:\/\/nutriset.com\/pt-pt\/wp-json\/wp\/v2\/types\/page"}],"author":[{"embeddable":true,"href":"https:\/\/nutriset.com\/pt-pt\/wp-json\/wp\/v2\/users\/1"}],"replies":[{"embeddable":true,"href":"https:\/\/nutriset.com\/pt-pt\/wp-json\/wp\/v2\/comments?post=662"}],"version-history":[{"count":5,"href":"https:\/\/nutriset.com\/pt-pt\/wp-json\/wp\/v2\/pages\/662\/revisions"}],"predecessor-version":[{"id":667,"href":"https:\/\/nutriset.com\/pt-pt\/wp-json\/wp\/v2\/pages\/662\/revisions\/667"}],"wp:attachment":[{"href":"https:\/\/nutriset.com\/pt-pt\/wp-json\/wp\/v2\/media?parent=662"}],"curies":[{"name":"wp","href":"https:\/\/api.w.org\/{rel}","templated":true}]}}