{"id":669,"date":"2023-07-17T16:07:29","date_gmt":"2023-07-17T16:07:29","guid":{"rendered":"https:\/\/nutriset.com\/politica-de-privacidade\/"},"modified":"2024-02-23T12:49:08","modified_gmt":"2024-02-23T12:49:08","slug":"politica-de-privacidade","status":"publish","type":"page","link":"https:\/\/nutriset.com\/pt-pt\/politica-de-privacidade\/","title":{"rendered":"Pol\u00edtica de privacidade"},"content":{"rendered":"<p>[et_pb_section fb_built=&#8221;1&#8243; _builder_version=&#8221;4.21.0&#8243; _module_preset=&#8221;default&#8221; global_colors_info=&#8221;{}&#8221; theme_builder_area=&#8221;post_content&#8221;][et_pb_row _builder_version=&#8221;4.21.0&#8243; _module_preset=&#8221;default&#8221; custom_margin=&#8221;||80px||false|false&#8221; global_colors_info=&#8221;{}&#8221; theme_builder_area=&#8221;post_content&#8221;][et_pb_column type=&#8221;4_4&#8243; _builder_version=&#8221;4.21.0&#8243; _module_preset=&#8221;default&#8221; global_colors_info=&#8221;{}&#8221; theme_builder_area=&#8221;post_content&#8221;][et_pb_text _builder_version=&#8221;4.21.0&#8243; _module_preset=&#8221;default&#8221; text_font=&#8221;Golos||||||||&#8221; header_font=&#8221;Golos|700|||||||&#8221; header_4_font=&#8221;|700|||||||&#8221; hover_enabled=&#8221;0&#8243; global_colors_info=&#8221;{}&#8221; theme_builder_area=&#8221;post_content&#8221; sticky_enabled=&#8221;0&#8243;]<\/p>\n<h1>Pol\u00edtica de privacidade<\/h1>\n<p>&nbsp;<\/p>\n<p>O uso deste site e de seus formul\u00e1rios requer a aceita\u00e7\u00e3o do tratamento dos dados do usu\u00e1rio de acordo com esta pol\u00edtica de privacidade, incluindo a coleta de dados de acesso e o envio de informa\u00e7\u00f5es comerciais por via eletr\u00f4nica.<\/p>\n<p>&nbsp;<\/p>\n<h4>Respons\u00e1vel pelo tratamento dos dados e informa\u00e7\u00f5es de contato<\/h4>\n<p>&nbsp;<\/p>\n<p>O respons\u00e1vel \u00e9: NUTRISET, S.L.<\/p>\n<p>Dire\u00e7\u00e3o: POL. IND. EL CORT\u00c9S, 3 08262 CALL\u00daS  <\/p>\n<p>Dados de contato do respons\u00e1vel: 93 836 00 62<\/p>\n<p>&nbsp;<\/p>\n<h4>Finalidade do tratamento dos dados<\/h4>\n<p>&nbsp;<\/p>\n<p>Os dados s\u00e3o tratados com o objetivo de proporcionar acesso aos conte\u00fados online do site, bem como atender \u00e0s solicita\u00e7\u00f5es dos usu\u00e1rios do site, registrar visitas (endere\u00e7os IP, dados do navegador, pa\u00eds, p\u00e1gina acessada, etc.) para fins estat\u00edsticos, aplicar medidas voltadas para a seguran\u00e7a do site e, quando aplic\u00e1vel, enviar informa\u00e7\u00f5es comerciais sobre nossos produtos e servi\u00e7os por meios eletr\u00f4nicos.<\/p>\n<p>No caso de preencher algum dos formul\u00e1rios, ser\u00e1 necess\u00e1rio fornecer determinados dados pessoais, os quais ser\u00e3o tratados para a finalidade para a qual s\u00e3o solicitados.<\/p>\n<p>&nbsp;<\/p>\n<h4>Legitima\u00e7\u00e3o<\/h4>\n<p>&nbsp;<\/p>\n<p>Os dados s\u00e3o tratados com base no consentimento do usu\u00e1rio, no cumprimento de obriga\u00e7\u00f5es legais, e, quando aplic\u00e1vel, para a execu\u00e7\u00e3o de um contrato ou pr\u00e9-contrato.<\/p>\n<p>&nbsp;<\/p>\n<h4>Destinat\u00e1rios e transfer\u00eancias<\/h4>\n<p>&nbsp;<\/p>\n<p>Destinat\u00e1rios: NUTRISET, S.L.<\/p>\n<p>N\u00e3o est\u00e1 prevista a transfer\u00eancia internacional (fora do Espa\u00e7o Econ\u00f4mico Europeu), exceto para fins de armazenamento, e em todo caso com base na exist\u00eancia de uma decis\u00e3o de adequa\u00e7\u00e3o, na exist\u00eancia de garantias adequadas, bem como entidades aderentes ao acordo Privacy Shield (http:\/\/www.privacyshield.gov).<\/p>\n<p>&nbsp;<\/p>\n<h4>Prazo de conserva\u00e7\u00e3o dos dados<\/h4>\n<p>&nbsp;<\/p>\n<p>Pelo menos durante os prazos estabelecidos pela legisla\u00e7\u00e3o aplic\u00e1vel e, em todo caso, enquanto o consentimento estiver vigente.<\/p>\n<p>&nbsp;<\/p>\n<h4>Direitos das pessoas<\/h4>\n<p>&nbsp;<\/p>\n<p>As pessoas afetadas t\u00eam direito a: acessar, retificar e excluir seus dados; solicitar a portabilidade de seus dados; opor-se ao tratamento ou solicitar sua limita\u00e7\u00e3o; retirar o consentimento dado, quando aplic\u00e1vel.<\/p>\n<p>Para isso, podem enviar sua solicita\u00e7\u00e3o por escrito ou por e-mail para o endere\u00e7o do respons\u00e1vel, incluindo a refer\u00eancia &#8220;Prote\u00e7\u00e3o de dados&#8221;.<\/p>\n<p>Para facilitar a identifica\u00e7\u00e3o, recomendamos que o titular dos dados anexe \u00e0 solicita\u00e7\u00e3o uma c\u00f3pia do seu documento de identifica\u00e7\u00e3o (DNI ou passaporte).<\/p>\n<p>Os afetados tamb\u00e9m podem apresentar uma reclama\u00e7\u00e3o \u00e0 Autoridade de Controlo de Prote\u00e7\u00e3o de Dados.<\/p>\n<p>&nbsp;<\/p>\n<h4>Veracidade e atualiza\u00e7\u00e3o dos dados<\/h4>\n<p>&nbsp;<\/p>\n<p>O usu\u00e1rio deve preencher os formul\u00e1rios com dados verdadeiros, precisos, completos e atualizados. O usu\u00e1rio n\u00e3o fornecer\u00e1 dados correspondentes a outra pessoa; presume-se que os dados foram fornecidos pelo titular dos mesmos. O usu\u00e1rio ser\u00e1 o \u00fanico respons\u00e1vel por qualquer dano ou preju\u00edzo, direto ou indireto, que possa causar a qualquer pessoa devido ao preenchimento do formul\u00e1rio com dados falsos, imprecisos, incompletos ou desatualizados, ou relativos a outra pessoa.<\/p>\n<p>O usu\u00e1rio deve comunicar qualquer modifica\u00e7\u00e3o nos dados fornecidos com o objetivo de manter seus dados devidamente atualizados.<\/p>\n<p>&nbsp;<\/p>\n<h4>Seguran\u00e7a da informa\u00e7\u00e3o<\/h4>\n<p>&nbsp;<\/p>\n<p>Nutriset tomou todas as medidas legalmente requeridas para a prote\u00e7\u00e3o de dados pessoais; al\u00e9m disso, adotou todos os dispositivos t\u00e9cnicos ao seu alcance para evitar a perda, o uso indevido, a altera\u00e7\u00e3o, o acesso ou o roubo dos dados pessoais fornecidos pelos usu\u00e1rios do site. O usu\u00e1rio deve levar em considera\u00e7\u00e3o, no entanto, que as medidas de seguran\u00e7a na Internet n\u00e3o s\u00e3o absolutamente inviol\u00e1veis.<\/p>\n<p>&nbsp;<\/p>\n<h4>Menores de idade<\/h4>\n<p>&nbsp;<\/p>\n<p>Nutriset pro\u00edbe o uso de seus servi\u00e7os web por usu\u00e1rios menores de catorze anos, salvo consentimento expresso de seus pais ou tutores.<\/p>\n<p>Em nenhum caso o menor poder\u00e1 fornecer dados que permitam obter informa\u00e7\u00f5es sobre os demais membros do grupo familiar, ou sobre as caracter\u00edsticas do mesmo, como os dados relativos \u00e0 atividade profissional dos progenitores, informa\u00e7\u00f5es econ\u00f4micas, dados sociol\u00f3gicos ou quaisquer outros, sem o consentimento dos titulares desses dados.<\/p>\n<p>&nbsp;<\/p>\n<h4>An\u00e1lises Web<\/h4>\n<p>&nbsp;<\/p>\n<p>Este site utiliza diversas an\u00e1lises para compreender como \u00e9 pesquisado, acessado e utilizado pelo p\u00fablico. Essas an\u00e1lises podem envolver a coleta de dados pessoais, como o endere\u00e7o IP, a localiza\u00e7\u00e3o da conex\u00e3o, informa\u00e7\u00f5es sobre o software ou hardware de navega\u00e7\u00e3o, etc. Essas informa\u00e7\u00f5es n\u00e3o s\u00e3o associadas aos usu\u00e1rios e s\u00e3o usadas exclusivamente para obter informa\u00e7\u00f5es estat\u00edsticas sobre o uso do site da empresa.  <\/p>\n<p>&nbsp;<\/p>\n<h4>Utiliza\u00e7\u00e3o de fun\u00e7\u00f5es e complementos de terceiros<\/h4>\n<p>&nbsp;<\/p>\n<p>Este site pode incorporar fun\u00e7\u00f5es e complementos fornecidos por terceiros para v\u00e1rias finalidades, como por exemplo: an\u00e1lises web de terceiros, mapas de terceiros, v\u00eddeos de terceiros, compartilhamento em redes sociais, etc.<\/p>\n<p>Uma fun\u00e7\u00e3o ou complemento de terceiros estabelece uma conex\u00e3o direta entre o navegador do usu\u00e1rio e os dom\u00ednios da Internet controlados pelo terceiro, permitindo o download e execu\u00e7\u00e3o da fun\u00e7\u00e3o.<\/p>\n<p>Al\u00e9m disso, a maioria dos complementos de terceiros coleta quais p\u00e1ginas os usu\u00e1rios visitam para entender seus interesses e poder oferecer publicidade adaptada a eles posteriormente.<\/p>\n<p>Utiliza\u00e7\u00e3o da fun\u00e7\u00e3o Google Analytics fornecida pela Google, Inc.<\/p>\n<p>Esta web integra fun\u00e7\u00f5es anal\u00edticas da Google Inc (1600 AMPHITHEATRE PARKWAY, MOUNTAIN VIEW, CALIFORNIA, USA) para entender como \u00e9 pesquisada, acessada e usada pelos usu\u00e1rios. Para isso, ao usar este site, o navegador do usu\u00e1rio estabelece uma conex\u00e3o direta com os servidores do dom\u00ednio de Internet google.com e outros dom\u00ednios da Google. Isso permite que a Google registre a atividade do usu\u00e1rio, bem como informa\u00e7\u00f5es relacionadas ao seu endere\u00e7o IP. O Google Analytics utiliza cookies persistentes para criar estat\u00edsticas an\u00f4nimas sobre o uso deste site, de acordo com a seguinte pol\u00edtica de privacidade: https:\/\/www.google.com\/analytics\/learn\/privacy.html?hl=es. Ao usar este site, o usu\u00e1rio consente o tratamento de seus dados pela Google da forma e para os fins indicados.   <\/p>\n<p>&nbsp;<\/p>\n<h4>Utiliza\u00e7\u00e3o de fun\u00e7\u00f5es fornecidas pela Google, Inc.<\/h4>\n<p>&nbsp;<\/p>\n<p>Esta web integra fun\u00e7\u00f5es da Google Inc (1600 AMPHITHEATRE PARKWAY, MOUNTAIN VIEW, CALIFORNIA, USA), como por exemplo v\u00eddeos do YouTube, mapas e bot\u00f5es de &#8220;+1&#8221;. Para isso, ao usar o site, o navegador do usu\u00e1rio estabelece uma conex\u00e3o direta com os servidores do dom\u00ednio de Internet google.com e outros dom\u00ednios da Google. Isso permite que a Google saiba que o usu\u00e1rio visitou o site a partir do seu endere\u00e7o IP. A Google utiliza cookies persistentes, armazenamento local e armazenamento local de Flash no dispositivo do usu\u00e1rio, para v\u00e1rias finalidades, incluindo a coleta da atividade do usu\u00e1rio na Internet para oferecer publicidade adaptada aos seus interesses, de acordo com suas pol\u00edticas de privacidade: http:\/\/www.google.es\/intl\/es\/policies\/privacy\/. Ao usar este site, o usu\u00e1rio consente o tratamento de seus dados pela Google da forma e para os fins indicados.   <\/p>\n<p>[\/et_pb_text][\/et_pb_column][\/et_pb_row][\/et_pb_section]<\/p>\n","protected":false},"excerpt":{"rendered":"<p>Pol\u00edtica de privacidade &nbsp; O uso deste site e de seus formul\u00e1rios requer a aceita\u00e7\u00e3o do tratamento dos dados do usu\u00e1rio de acordo com esta pol\u00edtica de privacidade, incluindo a coleta de dados de acesso e o envio de informa\u00e7\u00f5es comerciais por via eletr\u00f4nica. &nbsp; Respons\u00e1vel pelo tratamento dos dados e informa\u00e7\u00f5es de contato &nbsp; [&hellip;]<\/p>\n","protected":false},"author":1,"featured_media":0,"parent":0,"menu_order":0,"comment_status":"closed","ping_status":"closed","template":"","meta":{"_et_pb_use_builder":"on","_et_pb_old_content":"","_et_gb_content_width":"","footnotes":""},"class_list":["post-669","page","type-page","status-publish","hentry"],"_links":{"self":[{"href":"https:\/\/nutriset.com\/pt-pt\/wp-json\/wp\/v2\/pages\/669","targetHints":{"allow":["GET"]}}],"collection":[{"href":"https:\/\/nutriset.com\/pt-pt\/wp-json\/wp\/v2\/pages"}],"about":[{"href":"https:\/\/nutriset.com\/pt-pt\/wp-json\/wp\/v2\/types\/page"}],"author":[{"embeddable":true,"href":"https:\/\/nutriset.com\/pt-pt\/wp-json\/wp\/v2\/users\/1"}],"replies":[{"embeddable":true,"href":"https:\/\/nutriset.com\/pt-pt\/wp-json\/wp\/v2\/comments?post=669"}],"version-history":[{"count":5,"href":"https:\/\/nutriset.com\/pt-pt\/wp-json\/wp\/v2\/pages\/669\/revisions"}],"predecessor-version":[{"id":674,"href":"https:\/\/nutriset.com\/pt-pt\/wp-json\/wp\/v2\/pages\/669\/revisions\/674"}],"wp:attachment":[{"href":"https:\/\/nutriset.com\/pt-pt\/wp-json\/wp\/v2\/media?parent=669"}],"curies":[{"name":"wp","href":"https:\/\/api.w.org\/{rel}","templated":true}]}}